{"id":641,"date":"2015-11-18T23:27:59","date_gmt":"2015-11-18T21:27:59","guid":{"rendered":"http:\/\/wotlk.3server.cz\/subdomains\/wotlk\/?page_id=641"},"modified":"2024-06-30T10:18:40","modified_gmt":"2024-06-30T08:18:40","slug":"navod-k-instalaci-hry","status":"publish","type":"page","link":"https:\/\/wotlk.3server.cz\/subdomains\/wotlk\/navod-k-instalaci-hry\/","title":{"rendered":"N\u00e1vod k instalaci hry"},"content":{"rendered":"\n<!-- Facebook Like Button v1.9.6 BEGIN [http:\/\/blog.bottomlessinc.com] -->\n<iframe src=\"http:\/\/www.facebook.com\/plugins\/like.php?href=https%3A%2F%2Fwotlk.3server.cz%2Fsubdomains%2Fwotlk%2Fnavod-k-instalaci-hry%2F&amp;layout=standard&amp;show_faces=false&amp;width=450&amp;action=like&amp;colorscheme=light\" scrolling=\"no\" frameborder=\"0\" allowTransparency=\"true\" style=\"border:none; overflow:hidden; width:450px; height: 30px; align: left; margin: 2px 0px 2px 0px\"><\/iframe>\n<!-- Facebook Like Button END -->\n\n<p><strong>(nach\u00e1z\u00edte se na star\u00e9m webu 3serveru, pokra\u010dujte pros\u00edm na <a href=\"https:\/\/3server.cz\/navod-instalace-hry.html\" data-type=\"URL\" data-id=\"https:\/\/3server.cz\/navod-instalace-hry.html\">nov\u00fd web<\/a>)<\/strong><\/p>\n\n\n\n<h1 class=\"wp-block-heading\">1) Registrace<\/h1>\n\n\n\n<p>Zaregistruj sv\u016fj \u00fa\u010det&nbsp;<a href=\"http:\/\/registrace.3server.cz\/\">Zde<\/a>.<br>Svoje p\u0159ihla\u0161ovac\u00ed \u00fad\u00e1je nezapome\u0148, NIKDY je ned\u00e1vej sv\u00e9mu kamar\u00e1dovi a ani GM ho po tob\u011b nebudou cht\u00edt!<\/p>\n\n\n\n<h1 class=\"wp-block-heading\">2) St\u00e1hnout hru<\/h1>\n\n\n\n<p>Odkaz ke sta\u017een\u00ed r\u016fzn\u00fdch variant hry: <a href=\"https:\/\/3server.cz\/navod-instalace-hry.html\">Nov\u00fd web<\/a><\/p>\n\n\n\n<p><strong>St\u00e1hne\u0161, rozbal\u00ed\u0161, spust\u00ed\u0161. <br>Hra\u00a0nejde po\u00a0sta\u017een\u00ed rozbalit?\u00a0<a href=\"https:\/\/blog.3server.cz\/samorozbalovaci-archiv-s-wotlk-3-3-5a\/\" data-type=\"link\" data-id=\"https:\/\/blog.3server.cz\/samorozbalovaci-archiv-s-wotlk-3-3-5a\/\">WoTLK Samorozbalovac\u00ed <\/a>.<\/strong><\/p>\n\n\n\n<p><strong>Zabaleno programem&nbsp;<a href=\"https:\/\/www.7-zip.org\/download.html\">7-zip<\/a>&nbsp;(open-source zdarma&nbsp;<a href=\"https:\/\/www.7-zip.org\/\">v\u00fdkonn\u011bj\u0161\u00ed<\/a>&nbsp;konkurence WinRaru na Linux i Windows)&nbsp;rozbalit&nbsp;dok\u00e1\u017ee i WinRar<\/strong><\/p>\n\n\n\n<h2 class=\"wp-block-heading\">Jak\u00fd je Realmlist?<\/h2>\n\n\n\n<p>Pokud ji\u017e m\u00e1te WoW WoTLK sta\u017een\u00fd z jin\u00e9ho serveru, sta\u010d\u00ed jen p\u0159epsat realmlist, kter\u00fd najdete v WoW_wotlk\\Data\\enUS\\reamlist.wtf. Tento soubor otev\u0159ete v pozn\u00e1mkov\u00e9m bloku a p\u0159ep\u00ed\u0161ete jeho obsah na:<br><strong>set realmlist wotlk.3server.net<\/strong><\/p>\n\n\n\n<h5 class=\"wp-block-heading\">Chcete hr\u00e1t World of Warcraft v \u010de\u0161tin\u011b?<\/h5>\n\n\n\n<p>N\u00e1vod i s videon\u00e1vodem, se kter\u00fdm zvl\u00e1dnete velmi snadno nahr\u00e1t \u010de\u0161tinu do World of Warcraft: Wrath of the Lich King nejpozd\u011bji do 3 minut&nbsp;<a href=\"https:\/\/novy.3server.cz\/cestina-do-wow.html\">zde!<\/a><\/p>\n\n\n\n<h2 class=\"wp-block-heading\">Ok a kde se zaregistruji?<\/h2>\n\n\n\n<p><a href=\"https:\/\/manager.3server.net\/register\">Registruj se ZDE.<\/a><\/p>\n\n\n\n<h2 class=\"wp-block-heading\">Jak se zaregistrovat, aktivovat \u00fa\u010det a p\u0159ihl\u00e1sit do hry v minut\u011b a p\u016fl dlouh\u00e9m tutorialu<\/h2>\n\n\n\n<p>Pamatujte, \u017ee u n\u00e1s se do hry&nbsp;<strong>nep\u0159ihla\u0161uje emailem<\/strong>, ale jm\u00e9nem hern\u00edho \u00fa\u010dtu (hern\u00edho accountu).<br><iframe loading=\"lazy\" src=\"https:\/\/www.youtube.com\/embed\/Yg5lpAgDYwg\" width=\"560\" height=\"315\" frameborder=\"0\" allowfullscreen=\"allowfullscreen\" data-mce-fragment=\"1\"><\/iframe><\/p>\n\n\n\n<h2 class=\"wp-block-heading\">Rychlokurz hran\u00ed World of Warcraftu pro za\u010d\u00e1te\u010dn\u00edky v 7 minut\u00e1ch<\/h2>\n\n\n\n<p>Ve videu uvid\u00edte jak se p\u0159ihl\u00e1sit do hry, vytvo\u0159en\u00ed postavy, na\u0161ept\u00e1va\u010d n\u00e1zv\u016f postav, z\u00e1kladn\u00ed ovl\u00e1d\u00e1n\u00ed, jak a pro\u010d d\u011blat questy (hern\u00ed mise), dokon\u010den\u00ed\/odevzd\u00e1n\u00ed questu, co je to XP bar, k \u010demu jsou tren\u00e9\u0159i, jak se nau\u010dit nov\u00e1 kouzla, pr\u00e1ce s knihou kouzel (spellbook), pr\u00e1ce s quest logem (\u00fakoln\u00ed\u010dkem), pr\u00e1ce s mapou, organizace kouzel ve spodn\u00edm baru, pr\u00e1ce s batohy (invent\u00e1\u0159), k \u010demu je \u0161ut\u0159\u00e1k a jeho pou\u017eit\u00ed (hearthstone\/innstone), uk\u00e1zka hern\u00ed m\u011bny a p\u0159epo\u010dty kolik copper je kolik silver a kolik silver je kolik gold, \u00fato\u010den\u00ed, vybr\u00e1n\u00ed v\u011bc\u00ed ze skolen\u00e9ho zv\u00ed\u0159ete (lootov\u00e1n\u00ed), dokon\u010den\u00ed prvn\u00edho questu v\u010detn\u011b v\u00fdb\u011bru odm\u011bny, pro\u010d nebrat za\u010dervenal\u00e9 odm\u011bny v questu, obl\u00e9k\u00e1n\u00ed postavy, pro\u010d nesk\u00e1kat z v\u011bt\u0161\u00edch v\u00fd\u0161ek, emoce ve h\u0159e, jak aktivovat unstuck v p\u0159\u00edpad\u011b pot\u00ed\u017e\u00ed.<\/p>\n\n\n\n<p><iframe loading=\"lazy\" src=\"https:\/\/www.youtube.com\/embed\/lskp9LHcZCA\" width=\"560\" height=\"315\" frameborder=\"0\" allowfullscreen=\"allowfullscreen\" data-mce-fragment=\"1\"><\/iframe><\/p>\n\n<!-- Facebook Like Button v1.9.6 BEGIN [http:\/\/blog.bottomlessinc.com] -->\n<iframe src=\"http:\/\/www.facebook.com\/plugins\/like.php?href=https%3A%2F%2Fwotlk.3server.cz%2Fsubdomains%2Fwotlk%2Fnavod-k-instalaci-hry%2F&amp;layout=standard&amp;show_faces=false&amp;width=450&amp;action=like&amp;colorscheme=light\" scrolling=\"no\" frameborder=\"0\" allowTransparency=\"true\" style=\"border:none; overflow:hidden; width:450px; height: 30px; align: left; margin: 2px 0px 2px 0px\"><\/iframe>\n<!-- Facebook Like Button END -->\n","protected":false},"excerpt":{"rendered":"<p>(nach\u00e1z\u00edte se na star\u00e9m webu 3serveru, pokra\u010dujte pros\u00edm na nov\u00fd web) 1) Registrace Zaregistruj sv\u016fj \u00fa\u010det&nbsp;Zde.Svoje p\u0159ihla\u0161ovac\u00ed \u00fad\u00e1je nezapome\u0148, NIKDY je ned\u00e1vej sv\u00e9mu kamar\u00e1dovi a ani GM ho po tob\u011b nebudou cht\u00edt! 2) St\u00e1hnout hru Odkaz ke sta\u017een\u00ed r\u016fzn\u00fdch variant hry: Nov\u00fd web St\u00e1hne\u0161, rozbal\u00ed\u0161, spust\u00ed\u0161. Hra\u00a0nejde po\u00a0sta\u017een\u00ed rozbalit?\u00a0WoTLK Samorozbalovac\u00ed . Zabaleno programem&nbsp;7-zip&nbsp;(open-source zdarma&nbsp;v\u00fdkonn\u011bj\u0161\u00ed&nbsp;konkurence WinRaru na Linux i Windows)&nbsp;rozbalit&nbsp;dok\u00e1\u017ee i WinRar Jak\u00fd je Realmlist? Pokud ji\u017e m\u00e1te WoW WoTLK sta\u017een\u00fd z jin\u00e9ho serveru, sta\u010d\u00ed jen p\u0159epsat realmlist, kter\u00fd najdete v WoW_wotlk\\Data\\enUS\\reamlist.wtf. Tento soubor otev\u0159ete v pozn\u00e1mkov\u00e9m bloku a p\u0159ep\u00ed\u0161ete jeho obsah na:set realmlist wotlk.3server.net Chcete hr\u00e1t World of Warcraft v \u010de\u0161tin\u011b? N\u00e1vod i s videon\u00e1vodem, se kter\u00fdm zvl\u00e1dnete velmi snadno nahr\u00e1t \u010de\u0161tinu do World of Warcraft: Wrath of the Lich King nejpozd\u011bji do 3 minut&nbsp;zde! Ok a kde se zaregistruji? Registruj se ZDE. Jak se zaregistrovat, aktivovat \u00fa\u010det a p\u0159ihl\u00e1sit do hry v minut\u011b a p\u016fl dlouh\u00e9m tutorialu Pamatujte, \u017ee [&#8230;]<\/p>\n<div class=\"clearfix\"><a class=\"post-readmore\" href=\"https:\/\/wotlk.3server.cz\/subdomains\/wotlk\/navod-k-instalaci-hry\/\"><\/a><\/div>\n","protected":false},"author":1,"featured_media":0,"parent":0,"menu_order":0,"comment_status":"closed","ping_status":"closed","template":"","meta":{"footnotes":""},"_links":{"self":[{"href":"https:\/\/wotlk.3server.cz\/subdomains\/wotlk\/wp-json\/wp\/v2\/pages\/641"}],"collection":[{"href":"https:\/\/wotlk.3server.cz\/subdomains\/wotlk\/wp-json\/wp\/v2\/pages"}],"about":[{"href":"https:\/\/wotlk.3server.cz\/subdomains\/wotlk\/wp-json\/wp\/v2\/types\/page"}],"author":[{"embeddable":true,"href":"https:\/\/wotlk.3server.cz\/subdomains\/wotlk\/wp-json\/wp\/v2\/users\/1"}],"replies":[{"embeddable":true,"href":"https:\/\/wotlk.3server.cz\/subdomains\/wotlk\/wp-json\/wp\/v2\/comments?post=641"}],"version-history":[{"count":15,"href":"https:\/\/wotlk.3server.cz\/subdomains\/wotlk\/wp-json\/wp\/v2\/pages\/641\/revisions"}],"predecessor-version":[{"id":11538,"href":"https:\/\/wotlk.3server.cz\/subdomains\/wotlk\/wp-json\/wp\/v2\/pages\/641\/revisions\/11538"}],"wp:attachment":[{"href":"https:\/\/wotlk.3server.cz\/subdomains\/wotlk\/wp-json\/wp\/v2\/media?parent=641"}],"curies":[{"name":"wp","href":"https:\/\/api.w.org\/{rel}","templated":true}]}}