{"id":5376,"date":"2017-02-04T23:49:36","date_gmt":"2017-02-04T21:49:36","guid":{"rendered":"http:\/\/wotlk.3server.cz\/subdomains\/wotlk\/?page_id=5376"},"modified":"2024-06-30T10:51:53","modified_gmt":"2024-06-30T08:51:53","slug":"vitejte-na-3serveru","status":"publish","type":"page","link":"https:\/\/wotlk.3server.cz\/subdomains\/wotlk\/","title":{"rendered":"V\u00edtejte na 3serveru"},"content":{"rendered":"\n<!-- Facebook Like Button v1.9.6 BEGIN [http:\/\/blog.bottomlessinc.com] -->\n<iframe src=\"http:\/\/www.facebook.com\/plugins\/like.php?href=https%3A%2F%2Fwotlk.3server.cz%2Fsubdomains%2Fwotlk%2F&amp;layout=standard&amp;show_faces=false&amp;width=450&amp;action=like&amp;colorscheme=light\" scrolling=\"no\" frameborder=\"0\" allowTransparency=\"true\" style=\"border:none; overflow:hidden; width:450px; height: 30px; align: left; margin: 2px 0px 2px 0px\"><\/iframe>\n<!-- Facebook Like Button END -->\n\n<h2 class=\"wp-block-heading\">V\u00edtejte na star\u00e9m webu 3serveru <\/h2>\n\n\n\n<p>P\u0159ejd\u011bte na <a href=\"http:\/\/3server.cz\">nov\u00fd web<\/a>.<\/p>\n\n\n<div class=\"wp-block-image\">\n<figure class=\"aligncenter is-resized\"><a href=\"https:\/\/registrace.3server.cz\"><img loading=\"lazy\" decoding=\"async\" width=\"660\" height=\"469\" src=\"https:\/\/wotlk.3server.cz\/subdomains\/wotlk\/wp-content\/uploads\/2017\/02\/registracka2.jpg\" alt=\"\" class=\"wp-image-5417\" style=\"object-fit:cover;width:800px;height:600px\" srcset=\"https:\/\/wotlk.3server.cz\/subdomains\/wotlk\/wp-content\/uploads\/2017\/02\/registracka2.jpg 660w, https:\/\/wotlk.3server.cz\/subdomains\/wotlk\/wp-content\/uploads\/2017\/02\/registracka2-300x213.jpg 300w, https:\/\/wotlk.3server.cz\/subdomains\/wotlk\/wp-content\/uploads\/2017\/02\/registracka2-296x210.jpg 296w\" sizes=\"(max-width: 660px) 100vw, 660px\" \/><\/a><\/figure><\/div>\n\n\n<p class=\"has-text-align-center\">N\u00e1vod pro sta\u017een\u00ed wow <a href=\"https:\/\/wotlk.3server.cz\/subdomains\/wotlk\/jak-se-pripojit\/\">zde<\/a>.<br><strong>set realmlist wotlk.3server.net<\/strong><br>Pokud chcete hr\u00e1t World of Warcraft Wrath of the Lich King v \u010de\u0161tin\u011b, tak klikn\u011bte <a href=\"https:\/\/wotlk.3server.cz\/subdomains\/wotlk\/jak-rozbehat-world-of-warcraft-cesky-nejpozdeji-do-3-minut\/\">sem<\/a>.<\/p>\n\n\n\n<p class=\"has-text-align-center\">Lib\u00ed se ti u n\u00e1s?<br>Podpo\u0159 n\u00e1s pozv\u00e1n\u00edm dal\u0161\u00edch p\u0159\u00e1tel na 3server!<\/p>\n\n\n\n<p class=\"has-text-align-center\"><a href=\"https:\/\/www.facebook.com\/3server-163189013714234\/?ref=br_tf\">Facebook 3serveru<\/a><\/p>\n\n\n\n<p class=\"has-text-align-center\"><a href=\"https:\/\/discord.com\/invite\/Ff66DnJVHw\" data-type=\"link\" data-id=\"https:\/\/discord.com\/invite\/Ff66DnJVHw\">Discord 3serveru<\/a><\/p>\n\n\n<div class=\"wp-block-image\">\n<figure class=\"aligncenter\"><a href=\"http:\/\/www.wowstatus.net\/in.php?server=19074\"><img loading=\"lazy\" decoding=\"async\" width=\"88\" height=\"51\" src=\"https:\/\/wotlk.3server.cz\/subdomains\/wotlk\/wp-content\/uploads\/2014\/12\/vote.png\" alt=\"vote\" class=\"wp-image-366\"\/><\/a><\/figure><\/div>\n<!-- Facebook Like Button v1.9.6 BEGIN [http:\/\/blog.bottomlessinc.com] -->\n<iframe src=\"http:\/\/www.facebook.com\/plugins\/like.php?href=https%3A%2F%2Fwotlk.3server.cz%2Fsubdomains%2Fwotlk%2F&amp;layout=standard&amp;show_faces=false&amp;width=450&amp;action=like&amp;colorscheme=light\" scrolling=\"no\" frameborder=\"0\" allowTransparency=\"true\" style=\"border:none; overflow:hidden; width:450px; height: 30px; align: left; margin: 2px 0px 2px 0px\"><\/iframe>\n<!-- Facebook Like Button END -->\n","protected":false},"excerpt":{"rendered":"<p>V\u00edtejte na star\u00e9m webu 3serveru P\u0159ejd\u011bte na nov\u00fd web. N\u00e1vod pro sta\u017een\u00ed wow zde.set realmlist wotlk.3server.netPokud chcete hr\u00e1t World of Warcraft Wrath of the Lich King v \u010de\u0161tin\u011b, tak klikn\u011bte sem. Lib\u00ed se ti u n\u00e1s?Podpo\u0159 n\u00e1s pozv\u00e1n\u00edm dal\u0161\u00edch p\u0159\u00e1tel na 3server! Facebook 3serveru Discord 3serveru<\/p>\n","protected":false},"author":1,"featured_media":0,"parent":0,"menu_order":0,"comment_status":"closed","ping_status":"closed","template":"","meta":{"footnotes":""},"_links":{"self":[{"href":"https:\/\/wotlk.3server.cz\/subdomains\/wotlk\/wp-json\/wp\/v2\/pages\/5376"}],"collection":[{"href":"https:\/\/wotlk.3server.cz\/subdomains\/wotlk\/wp-json\/wp\/v2\/pages"}],"about":[{"href":"https:\/\/wotlk.3server.cz\/subdomains\/wotlk\/wp-json\/wp\/v2\/types\/page"}],"author":[{"embeddable":true,"href":"https:\/\/wotlk.3server.cz\/subdomains\/wotlk\/wp-json\/wp\/v2\/users\/1"}],"replies":[{"embeddable":true,"href":"https:\/\/wotlk.3server.cz\/subdomains\/wotlk\/wp-json\/wp\/v2\/comments?post=5376"}],"version-history":[{"count":34,"href":"https:\/\/wotlk.3server.cz\/subdomains\/wotlk\/wp-json\/wp\/v2\/pages\/5376\/revisions"}],"predecessor-version":[{"id":11558,"href":"https:\/\/wotlk.3server.cz\/subdomains\/wotlk\/wp-json\/wp\/v2\/pages\/5376\/revisions\/11558"}],"wp:attachment":[{"href":"https:\/\/wotlk.3server.cz\/subdomains\/wotlk\/wp-json\/wp\/v2\/media?parent=5376"}],"curies":[{"name":"wp","href":"https:\/\/api.w.org\/{rel}","templated":true}]}}