{"id":44,"date":"2014-07-30T23:41:01","date_gmt":"2014-07-30T22:41:01","guid":{"rendered":"http:\/\/wotlk.3server.cz\/subdomains\/wotlk\/?page_id=44"},"modified":"2015-05-22T10:03:44","modified_gmt":"2015-05-22T08:03:44","slug":"prevod-postav","status":"publish","type":"page","link":"https:\/\/wotlk.3server.cz\/subdomains\/wotlk\/prevod-postav\/","title":{"rendered":"P\u0159evod postav"},"content":{"rendered":"\n<!-- Facebook Like Button v1.9.6 BEGIN [http:\/\/blog.bottomlessinc.com] -->\n<iframe src=\"http:\/\/www.facebook.com\/plugins\/like.php?href=https%3A%2F%2Fwotlk.3server.cz%2Fsubdomains%2Fwotlk%2Fprevod-postav%2F&amp;layout=standard&amp;show_faces=false&amp;width=450&amp;action=like&amp;colorscheme=light\" scrolling=\"no\" frameborder=\"0\" allowTransparency=\"true\" style=\"border:none; overflow:hidden; width:450px; height: 30px; align: left; margin: 2px 0px 2px 0px\"><\/iframe>\n<!-- Facebook Like Button END -->\n<h4 class=\"svetlo_modra\" style=\"color: #d8a737;\">P\u0159evody budou prov\u00e1d\u011bny n\u00e1sledovn\u011b:<\/h4>\n<ul class=\"normal\" style=\"color: #c9c6ab;\">\n<li style=\"font-weight: inherit; font-style: inherit;\"><a style=\"font-weight: inherit; font-style: inherit; color: #a68742;\" title=\"Vytvo\u0159 si \u00fa\u010det na 3Serveru\" href=\"http:\/\/registrace.3server.cz\/\">Vytvo\u0159 si \u00fa\u010det<\/a>\u00a0na na\u0161em serveru, jestli ho je\u0161t\u011b nem\u00e1\u0161.<\/li>\n<li style=\"font-weight: inherit; font-style: inherit;\"><a style=\"font-weight: inherit; font-style: inherit; color: #a68742;\" title=\"Account manager\" href=\"http:\/\/3server.net\/realm1\/\">P\u0159ihla\u0161 se<\/a>\u00a0pomoc\u00ed sv\u00e9ho hern\u00edho \u00fa\u010dtu do manageru.<\/li>\n<li style=\"font-weight: inherit; font-style: inherit;\">Dole v menu manageru vyber volbu &#8222;<em style=\"font-weight: inherit;\">P\u0159evody postav z jin\u00fdch server\u016f<\/em>&#8222;.<\/li>\n<li style=\"font-weight: inherit; font-style: inherit;\">\u0158\u00e1dn\u011b si p\u0159e\u010dti pravidla souvisej\u00edci s p\u0159evodem postavy.<\/li>\n<li style=\"font-weight: inherit; font-style: inherit;\">Vypl\u0148 formul\u00e1\u0159 pro p\u0159evod postavy (v\u0161echny informace mus\u00ed b\u00fdt pravdiv\u00e9).<\/li>\n<li style=\"font-weight: inherit; font-style: inherit;\">Po odesl\u00e1n\u00ed informac\u00ed o p\u0159evodu bude\u0161 kontaktov\u00e1n(a) ve h\u0159e GameMasterem zab\u00fdvaj\u00edc\u00edm se p\u0159evody postav, se kter\u00fdm se dohodne\u0161 na dal\u0161\u00edm postupu p\u0159evodu postavy (level, pen\u00edze, atp&#8230;).<\/li>\n<\/ul>\n<h3 style=\"color: #68a336;\"><\/h3>\n<h4 class=\"svetlo_modra\" style=\"color: #d8a737;\">Pravidla pro p\u0159evod postavy:<\/h4>\n<h6 class=\"svetlo_modra\" style=\"color: #d8a737;\"><strong style=\"font-style: inherit;\">D\u016fkladn\u011b si p\u0159e\u010dt\u011bte tyto pravidla t\u00fdkaj\u00edc\u00ed se nasleduj\u00edc\u00edho vypln\u011bn\u00ed formul\u00e1\u0159e pro p\u0159evod postavy!<\/strong><\/h6>\n<div style=\"color: #c9c6ab;\"><span style=\"font-weight: inherit; font-style: inherit; color: #ffcc00;\"><strong style=\"font-style: inherit;\">\u00a0<\/strong><\/span><\/div>\n<h6 style=\"color: #68a336;\"><span style=\"font-weight: inherit; font-style: inherit; color: #ff6600;\"><br style=\"font-weight: inherit; font-style: inherit;\" \/><span class=\"svetlo_hneda\" style=\"font-weight: inherit; font-style: inherit; color: #86d147;\">Co je t\u0159eba ud\u011blat abych mohl(a) p\u0159ev\u00e9st postavu z jin\u00e9ho serveru?<\/span><\/span><\/h6>\n<ul class=\"normal\" style=\"color: #c9c6ab;\">\n<li style=\"font-weight: inherit; font-style: inherit;\">Zaregistrovan\u00fd \u00fa\u010det na 3Serveru.<\/li>\n<li style=\"font-weight: inherit; font-style: inherit;\">Na \u00fa\u010dtu vytvo\u0159it postavu se\u00a0<strong style=\"font-style: inherit;\">stejn\u00fdm<\/strong>\u00a0jm\u00e9nem a vlastnostmi (to se t\u00fdk\u00e1 jm\u00e9na, frakce a povol\u00e1n\u00ed) jako na serveru ze kter\u00e9ho p\u0159ech\u00e1z\u00edte.<\/li>\n<li style=\"font-weight: inherit; font-style: inherit;\">Poku\u010f je jm\u00e9no postavy obsazeno m\u00e1\u0161 mo\u017enost si zvolit jin\u00e9.<\/li>\n<li style=\"font-weight: inherit; font-style: inherit;\">Vyplnit<strong class=\"cervena\" style=\"font-style: inherit; color: #db4b48;\">\u00a0!SPR\u00c1VN\u011a!<\/strong>\u00a0formul\u00e1\u0159 pro p\u0159evod postavy.<\/li>\n<\/ul>\n<h6 style=\"color: #68a336;\"><span style=\"font-weight: inherit; font-style: inherit;\"><span class=\"svetlo_hneda\" style=\"font-weight: inherit; font-style: inherit; color: #86d147;\">Pravidla pro p\u0159evod item\u016f, pen\u011bz, kouzel, atp&#8230;<\/span><\/span><\/h6>\n<ul class=\"normal\" style=\"color: #c9c6ab;\">\n<li style=\"font-weight: inherit; font-style: inherit;\">\n<p style=\"font-weight: inherit; font-style: inherit;\">Goldy v\u00e1m budou p\u0159id\u00e1ny v dostate\u010dn\u00e9 m\u00ed\u0159e, kter\u00e1 bude sta\u010dit pro nau\u010den\u00ed kouzel, skill\u016f, ridingu atp.<\/p>\n<\/li>\n<li style=\"font-weight: inherit; font-style: inherit;\">\n<p style=\"font-weight: inherit; font-style: inherit;\">Skilly a reputaci nep\u0159ev\u00e1d\u00edme.<\/p>\n<\/li>\n<li style=\"font-weight: inherit; font-style: inherit;\">\n<p style=\"font-weight: inherit; font-style: inherit;\">Novinka! Poku\u010f na server p\u0159isp\u011bje\u0161 500 K\u010d, tak ti p\u0159evedeme i reputaci a skilly u profes\u00ed.<\/p>\n<\/li>\n<li style=\"font-weight: inherit; font-style: inherit;\">\n<p style=\"font-weight: inherit; font-style: inherit;\"><strong style=\"font-style: inherit;\"><span class=\"svetlo_modra\" style=\"font-style: inherit; color: #d8a737;\">Novinka!<\/span><\/strong>\u00a0Poku\u010f si k n\u00e1m p\u0159ev\u00e1d\u00edte postavu na 80 lvl, tak dostanete Furi set (PvP) nebo T8 (PvE), v\u010detn\u011b dopl\u0148k\u016f a nav\u00edc si m\u016f\u017eete zvolit zda chcete DMG\/HEAL.<\/p>\n<\/li>\n<\/ul>\n<h6 style=\"color: #68a336;\"><span style=\"font-weight: inherit; font-style: inherit; color: #ff6600;\"><span class=\"svetlo_hneda\" style=\"font-weight: inherit; font-style: inherit; color: #86d147;\">Dodate\u010dn\u00e9 info + dokon\u010den\u00ed p\u0159evodu :<\/span><\/span><\/h6>\n<ul style=\"color: #c9c6ab;\">\n<li style=\"font-weight: inherit; font-style: inherit;\">Pr\u016fm\u011brn\u00e1 \u010dekac\u00ed doba na p\u0159eveden\u00ed postavy je 1-4 dny , maxim\u00e1ln\u011b 1 t\u00fdden &#8211; z\u00e1vis\u00ed na vyt\u00ed\u017een\u00ed GameMaster\u016f. Ka\u017ed\u00fd p\u0159evod m\u00e1 svov\u00e9 datum registrace t\u00edm se dost\u00e1v\u00e1 do po\u0159adn\u00edku, tak\u017ee se nemus\u00edte ob\u00e1vat, \u017ee na v\u00e1s nedojde.<\/li>\n<li style=\"font-weight: inherit; font-style: inherit;\">Pokud p\u0159ev\u00e1d\u00edte postavu z ofici\u00e1ln\u00edho serveruje p\u0159eba prok\u00e1zat, vlastnict\u00ed postavy a \u00fa\u010dtunaserverupomoc\u00ed screenu bu\u010f prihl\u00e1\u0161en\u00edm na profil ofici\u00e1ln\u00edho wowarmory nebo p\u0159ih\u00e1\u0161en\u00edm do spr\u00e1vy \u00fa\u010dtuna ofic\u00ed\u00e1ln\u00edm serveru &#8211; v p\u0159\u00edpad\u011b p\u0159esunu z ofici\u00e1ln\u00edho serveru p\u0159ipi\u0161te tuto informaci do kolonky &#8222;<em style=\"font-weight: inherit;\">dodate\u010dn\u00e9 info<\/em>&#8220; ve formul\u00e1\u0159i pro p\u0159evodpostavy.<\/li>\n<li style=\"font-weight: inherit; font-style: inherit;\">Po \u00fasp\u011b\u0161n\u00e9m p\u0159eveden\u00ed postavy na n\u00e1\u0161 server v\u00e1m bude postava z p\u0159ede\u0161l\u00e9ho serveru smaz\u00e1na, nebo jin\u00fdm zp\u016fsobem znehodnocena, aby do\u0161lo k pran\u00ed \u0161pinav\u00fdch postav.<\/li>\n<li style=\"font-weight: inherit; font-style: inherit;\">Pokud jste p\u0159ev\u00e1d\u011bni z ofici\u00e1ln\u00edho serveru, NEdojde ke smaz\u00e1n\u00ed postavy ani k jej\u00edmu znehodnocen\u00ed, ale pouze k ov\u011b\u0159en\u00ed postavy bez jak\u00e9hokoliv z\u00e1sahu na postav\u011b.<\/li>\n<li style=\"font-weight: inherit; font-style: inherit;\">P\u0159\u00edpadn\u00e9 dotazy sm\u011b\u0159ujte na na\u0161e\u00a0<a style=\"font-weight: inherit; font-style: inherit; color: #a68742;\" title=\"3server f\u00f3rum\" href=\"http:\/\/forum.3server.cz\/\" target=\"_blank\">f\u00f3rum<\/a>.<\/li>\n<li style=\"font-weight: inherit; font-style: inherit;\"><strong class=\"cervena\" style=\"font-style: inherit; color: #db4b48;\">P\u0158EVOD JE MO\u017dN\u00dd POUZE ZE SERVERU BLIZZLIKE<\/strong>, pop\u0159. 5x XP rate, tj . za zabit\u00ed prvn\u00edho moba okolo 500xp, hr\u00e1\u010de z fun serveru NEP\u0158IJ\u00cdM\u00c1ME!<\/li>\n<\/ul>\n<h5 class=\"tmavo_modra\" style=\"color: #d8a737;\">Hr\u00e1\u010d neobdr\u017e\u00ed itemy, kter\u00e9 m\u011bl na p\u016fvodn\u00edm serveru!<\/h5>\n<h5 class=\"tmavo_modra\" style=\"color: #d8a737;\">P\u0159evody z ciz\u00edch server\u016f na n\u00e1\u0161 jsou zdarma!<\/h5>\n\n<!-- Facebook Like Button v1.9.6 BEGIN [http:\/\/blog.bottomlessinc.com] -->\n<iframe src=\"http:\/\/www.facebook.com\/plugins\/like.php?href=https%3A%2F%2Fwotlk.3server.cz%2Fsubdomains%2Fwotlk%2Fprevod-postav%2F&amp;layout=standard&amp;show_faces=false&amp;width=450&amp;action=like&amp;colorscheme=light\" scrolling=\"no\" frameborder=\"0\" allowTransparency=\"true\" style=\"border:none; overflow:hidden; width:450px; height: 30px; align: left; margin: 2px 0px 2px 0px\"><\/iframe>\n<!-- Facebook Like Button END -->\n","protected":false},"excerpt":{"rendered":"<p>P\u0159evody budou prov\u00e1d\u011bny n\u00e1sledovn\u011b: Vytvo\u0159 si \u00fa\u010det\u00a0na na\u0161em serveru, jestli ho je\u0161t\u011b nem\u00e1\u0161. P\u0159ihla\u0161 se\u00a0pomoc\u00ed sv\u00e9ho hern\u00edho \u00fa\u010dtu do manageru. Dole v menu manageru vyber volbu &#8222;P\u0159evody postav z jin\u00fdch server\u016f&#8222;. \u0158\u00e1dn\u011b si p\u0159e\u010dti pravidla souvisej\u00edci s p\u0159evodem postavy. Vypl\u0148 formul\u00e1\u0159 pro p\u0159evod postavy (v\u0161echny informace mus\u00ed b\u00fdt pravdiv\u00e9). Po odesl\u00e1n\u00ed informac\u00ed o p\u0159evodu bude\u0161 kontaktov\u00e1n(a) ve h\u0159e GameMasterem zab\u00fdvaj\u00edc\u00edm se p\u0159evody postav, se kter\u00fdm se dohodne\u0161 na dal\u0161\u00edm postupu p\u0159evodu postavy (level, pen\u00edze, atp&#8230;). Pravidla pro p\u0159evod postavy: D\u016fkladn\u011b si p\u0159e\u010dt\u011bte tyto pravidla t\u00fdkaj\u00edc\u00ed se nasleduj\u00edc\u00edho vypln\u011bn\u00ed formul\u00e1\u0159e pro p\u0159evod postavy! \u00a0 Co je t\u0159eba ud\u011blat abych mohl(a) p\u0159ev\u00e9st postavu z jin\u00e9ho serveru? Zaregistrovan\u00fd \u00fa\u010det na 3Serveru. Na \u00fa\u010dtu vytvo\u0159it postavu se\u00a0stejn\u00fdm\u00a0jm\u00e9nem a vlastnostmi (to se t\u00fdk\u00e1 jm\u00e9na, frakce a povol\u00e1n\u00ed) jako na serveru ze kter\u00e9ho p\u0159ech\u00e1z\u00edte. Poku\u010f je jm\u00e9no postavy obsazeno m\u00e1\u0161 mo\u017enost si zvolit jin\u00e9. Vyplnit\u00a0!SPR\u00c1VN\u011a!\u00a0formul\u00e1\u0159 pro p\u0159evod postavy. Pravidla pro p\u0159evod item\u016f, pen\u011bz, kouzel, atp&#8230; Goldy [&#8230;]<\/p>\n<div class=\"clearfix\"><a class=\"post-readmore\" href=\"https:\/\/wotlk.3server.cz\/subdomains\/wotlk\/prevod-postav\/\"><\/a><\/div>\n","protected":false},"author":1,"featured_media":0,"parent":0,"menu_order":0,"comment_status":"closed","ping_status":"closed","template":"","meta":{"footnotes":""},"_links":{"self":[{"href":"https:\/\/wotlk.3server.cz\/subdomains\/wotlk\/wp-json\/wp\/v2\/pages\/44"}],"collection":[{"href":"https:\/\/wotlk.3server.cz\/subdomains\/wotlk\/wp-json\/wp\/v2\/pages"}],"about":[{"href":"https:\/\/wotlk.3server.cz\/subdomains\/wotlk\/wp-json\/wp\/v2\/types\/page"}],"author":[{"embeddable":true,"href":"https:\/\/wotlk.3server.cz\/subdomains\/wotlk\/wp-json\/wp\/v2\/users\/1"}],"replies":[{"embeddable":true,"href":"https:\/\/wotlk.3server.cz\/subdomains\/wotlk\/wp-json\/wp\/v2\/comments?post=44"}],"version-history":[{"count":5,"href":"https:\/\/wotlk.3server.cz\/subdomains\/wotlk\/wp-json\/wp\/v2\/pages\/44\/revisions"}],"predecessor-version":[{"id":566,"href":"https:\/\/wotlk.3server.cz\/subdomains\/wotlk\/wp-json\/wp\/v2\/pages\/44\/revisions\/566"}],"wp:attachment":[{"href":"https:\/\/wotlk.3server.cz\/subdomains\/wotlk\/wp-json\/wp\/v2\/media?parent=44"}],"curies":[{"name":"wp","href":"https:\/\/api.w.org\/{rel}","templated":true}]}}