{"id":41,"date":"2014-07-30T23:40:47","date_gmt":"2014-07-30T22:40:47","guid":{"rendered":"http:\/\/wotlk.3server.cz\/subdomains\/wotlk\/?page_id=41"},"modified":"2020-08-15T13:05:51","modified_gmt":"2020-08-15T11:05:51","slug":"kontakty","status":"publish","type":"page","link":"https:\/\/wotlk.3server.cz\/subdomains\/wotlk\/kontakty\/","title":{"rendered":"Kontakty"},"content":{"rendered":"\n<!-- Facebook Like Button v1.9.6 BEGIN [http:\/\/blog.bottomlessinc.com] -->\n<iframe src=\"http:\/\/www.facebook.com\/plugins\/like.php?href=https%3A%2F%2Fwotlk.3server.cz%2Fsubdomains%2Fwotlk%2Fkontakty%2F&amp;layout=standard&amp;show_faces=false&amp;width=450&amp;action=like&amp;colorscheme=light\" scrolling=\"no\" frameborder=\"0\" allowTransparency=\"true\" style=\"border:none; overflow:hidden; width:450px; height: 30px; align: left; margin: 2px 0px 2px 0px\"><\/iframe>\n<!-- Facebook Like Button END -->\n<p>Mo\u017enosti jak n\u00e1s kontaktovat email: &nbsp;mail[zavin\u00e1\u010d]3server.cz ingame tickety &#8211; jak postnout ticket, n\u00e1vod <strong><a href=\"http:\/\/blog.3server.cz\/jak-psat-ticket-ve-hre\/\" target=\"_blank\" rel=\"noopener noreferrer\">zde<\/a><\/strong>.<\/p>\n<p style=\"color: #c9c6ab;\"><strong style=\"font-style: inherit;\"><img loading=\"lazy\" decoding=\"async\" class=\"alignnone\" style=\"font-style: inherit;\" src=\"\/images\/stories\/wrath-of-the-lich-king-mounts-information.jpg\" alt=\"Mirra\" width=\"104\" height=\"96\"><\/strong><\/p>\n<p style=\"color: #c9c6ab;\"><strong style=\"font-style: inherit;\">Nick:&nbsp;<span class=\"svetlo_modra\" style=\"font-style: inherit; color: #d8a737;\">Mirra<br style=\"font-style: inherit;\"><\/span><\/strong><strong style=\"font-style: inherit;\">Funkce:<\/strong>&nbsp;Zakladatel projektu, Server &amp; Hardware admin,&nbsp;Pap\u00edrov\u00e1n\u00ed&nbsp;<strong style=\"font-style: inherit;\"><br style=\"font-style: inherit;\">Kontakt:&nbsp;<\/strong><a style=\"font-weight: inherit; font-style: inherit; color: #a68742;\" href=\"mailto:mail@3server.cz\">mail@3server.cz<\/a>&nbsp; (email se p\u0159epos\u00edl\u00e1 jak Adminovi, tak v\u0161em GM)<br style=\"font-weight: inherit; font-style: inherit;\"><strong style=\"font-style: inherit;\">Pozn\u00e1mka:<\/strong>&nbsp;Neodpov\u00edd\u00e1m na maily, kter\u00e9 v\u00e1m zodpov\u00ed GM. Nepi\u0161te hlavn\u00edmu adminovi. 95% v\u0161ech dotaz\u016f v\u00e1m zodpov\u00ed jin\u00ed \u010dlenov\u00e9 teamu, kte\u0159\u00ed maj\u00ed na starost podporu!<\/p>\n<p style=\"color: #c9c6ab;\"><img loading=\"lazy\" decoding=\"async\" style=\"font-weight: inherit; font-style: inherit;\" title=\"Painkiller\" src=\"http:\/\/3server.net\/foto\/painkillerr.jpg\" alt=\"Painkiller\" width=\"125\" height=\"119\"><\/p>\n<p style=\"color: #c9c6ab;\"><strong style=\"font-style: inherit;\">Nick:<\/strong>&nbsp;<strong class=\"svetlo_modra\" style=\"font-style: inherit; color: #d8a737;\">Painkiller<\/strong><br style=\"font-weight: inherit; font-style: inherit;\"><strong style=\"font-style: inherit;\">Funkce:<\/strong>&nbsp;Core &amp; DB Developing, Webmaster &nbsp;(pi\u0161te mu pouze ohledn\u011b v\u00fdvoje a v\u011bc\u00ed, kter\u00e9 se net\u00fdkaj\u00ed GM)<br style=\"font-weight: inherit; font-style: inherit;\"><strong style=\"font-style: inherit;\">Kontakt:<\/strong>&nbsp;jedin\u011b p\u0159es Bugtracker<\/p>\n<p style=\"color: #c9c6ab;\"><br style=\"font-weight: inherit; font-style: inherit;\"><br style=\"font-weight: inherit; font-style: inherit;\"><strong style=\"font-style: inherit;\">Nick:<\/strong>&nbsp;<strong class=\"svetlo_modra\" style=\"font-style: inherit; color: #d8a737;\">Pabloclasico<\/strong><br style=\"font-weight: inherit; font-style: inherit;\"><strong style=\"font-style: inherit;\">Funkce:<\/strong>&nbsp;GM na live serveru, tester s pln\u00fdmi pr\u00e1vy na testserveru, Webmaster, sql fixer (pi\u0161te na mail ( zavin\u00e1\u010d ) 3server.cz )<br style=\"font-weight: inherit; font-style: inherit;\"><strong style=\"font-style: inherit;\">Kontakt:<\/strong>&nbsp;pabloclasico ( zavin\u00e1\u010d ) 3server.cz<br style=\"font-weight: inherit; font-style: inherit;\"><br style=\"font-weight: inherit; font-style: inherit;\"><\/p>\n<p style=\"color: #c9c6ab;\"><strong style=\"font-style: inherit;\">Nick:&nbsp;<span class=\"svetlo_modra\" style=\"font-style: inherit; color: #d8a737;\">Johnny<\/span><\/strong><br style=\"font-weight: inherit; font-style: inherit;\"><strong style=\"font-style: inherit;\">Funkce:<\/strong>&nbsp;N\u00e1vrh a tvorba designu, grafika&nbsp;<br style=\"font-weight: inherit; font-style: inherit;\"><strong style=\"font-style: inherit;\">Kontakt:<\/strong>&nbsp;<a style=\"font-weight: inherit; font-style: inherit; color: #a68742;\" href=\"mailto:jan.radilek@illusions-media.cz\">jan.radilek@illusions-media.cz<\/a><\/p>\n<p><!--\n\n\n<p style=\"color: #c9c6ab;\"><img loading=\"lazy\" decoding=\"async\" style=\"font-weight: inherit; font-style: inherit;\" src=\"http:\/\/wotlk.3server.cz\/images\/stories\/darkfairy.jpg\" alt=\"darkfairy\" width=\"77\" height=\"125\" \/><\/p>\n\n\n\n\n<p style=\"color: #c9c6ab;\"><strong style=\"font-style: inherit;\">Nick:<\/strong>\u00a0<strong class=\"svetlo_modra\" style=\"font-style: inherit; color: #d8a737;\">Darkfairy<\/strong><br style=\"font-weight: inherit; font-style: inherit;\" \/><strong style=\"font-style: inherit;\">Funkce:<\/strong>\u00a0Hl. GameMaster, In-Game Support, Svatby,\u00a0MikroPlatby<br style=\"font-weight: inherit; font-style: inherit;\" \/><strong style=\"font-style: inherit;\">Kontakt:<\/strong>\u00a0<a style=\"font-weight: inherit; font-style: inherit; color: #a68742;\" title=\"Kontakt na Darkfairy\" href=\"mailto:darkfairy@3server.cz\">darkfairy@3server.cz<\/a><br style=\"font-weight: inherit; font-style: inherit;\" \/><br style=\"font-weight: inherit; font-style: inherit;\" \/><\/p>\n\n\n\n--><\/p>\n<p><a href=\"https:\/\/xjobs.org\/vacancies-moskva\" style=\"text-decoration: none; color:#333\">\u0440\u0430\u0431\u043e\u0442\u0430 \u0432 \u043c\u043e\u0441\u043a\u0432\u0435<\/a>  <a href=\"https:\/\/jobitel.com\/\" style=\"text-decoration: none; color:#333\">https:\/\/jobitel.com<\/a><\/p>\n\n<!-- Facebook Like Button v1.9.6 BEGIN [http:\/\/blog.bottomlessinc.com] -->\n<iframe src=\"http:\/\/www.facebook.com\/plugins\/like.php?href=https%3A%2F%2Fwotlk.3server.cz%2Fsubdomains%2Fwotlk%2Fkontakty%2F&amp;layout=standard&amp;show_faces=false&amp;width=450&amp;action=like&amp;colorscheme=light\" scrolling=\"no\" frameborder=\"0\" allowTransparency=\"true\" style=\"border:none; overflow:hidden; width:450px; height: 30px; align: left; margin: 2px 0px 2px 0px\"><\/iframe>\n<!-- Facebook Like Button END -->\n","protected":false},"excerpt":{"rendered":"<p>Mo\u017enosti jak n\u00e1s kontaktovat email: &nbsp;mail[zavin\u00e1\u010d]3server.cz ingame tickety &#8211; jak postnout ticket, n\u00e1vod zde. Nick:&nbsp;MirraFunkce:&nbsp;Zakladatel projektu, Server &amp; Hardware admin,&nbsp;Pap\u00edrov\u00e1n\u00ed&nbsp;Kontakt:&nbsp;mail@3server.cz&nbsp; (email se p\u0159epos\u00edl\u00e1 jak Adminovi, tak v\u0161em GM)Pozn\u00e1mka:&nbsp;Neodpov\u00edd\u00e1m na maily, kter\u00e9 v\u00e1m zodpov\u00ed GM. Nepi\u0161te hlavn\u00edmu adminovi. 95% v\u0161ech dotaz\u016f v\u00e1m zodpov\u00ed jin\u00ed \u010dlenov\u00e9 teamu, kte\u0159\u00ed maj\u00ed na starost podporu! Nick:&nbsp;PainkillerFunkce:&nbsp;Core &amp; DB Developing, Webmaster &nbsp;(pi\u0161te mu pouze ohledn\u011b v\u00fdvoje a v\u011bc\u00ed, kter\u00e9 se net\u00fdkaj\u00ed GM)Kontakt:&nbsp;jedin\u011b p\u0159es Bugtracker Nick:&nbsp;PabloclasicoFunkce:&nbsp;GM na live serveru, tester s pln\u00fdmi pr\u00e1vy na testserveru, Webmaster, sql fixer (pi\u0161te na mail ( zavin\u00e1\u010d ) 3server.cz )Kontakt:&nbsp;pabloclasico ( zavin\u00e1\u010d ) 3server.cz Nick:&nbsp;JohnnyFunkce:&nbsp;N\u00e1vrh a tvorba designu, grafika&nbsp;Kontakt:&nbsp;jan.radilek@illusions-media.cz \u0440\u0430\u0431\u043e\u0442\u0430 \u0432 \u043c\u043e\u0441\u043a\u0432\u0435 https:\/\/jobitel.com<\/p>\n","protected":false},"author":1,"featured_media":0,"parent":0,"menu_order":0,"comment_status":"closed","ping_status":"closed","template":"","meta":{"footnotes":""},"_links":{"self":[{"href":"https:\/\/wotlk.3server.cz\/subdomains\/wotlk\/wp-json\/wp\/v2\/pages\/41"}],"collection":[{"href":"https:\/\/wotlk.3server.cz\/subdomains\/wotlk\/wp-json\/wp\/v2\/pages"}],"about":[{"href":"https:\/\/wotlk.3server.cz\/subdomains\/wotlk\/wp-json\/wp\/v2\/types\/page"}],"author":[{"embeddable":true,"href":"https:\/\/wotlk.3server.cz\/subdomains\/wotlk\/wp-json\/wp\/v2\/users\/1"}],"replies":[{"embeddable":true,"href":"https:\/\/wotlk.3server.cz\/subdomains\/wotlk\/wp-json\/wp\/v2\/comments?post=41"}],"version-history":[{"count":14,"href":"https:\/\/wotlk.3server.cz\/subdomains\/wotlk\/wp-json\/wp\/v2\/pages\/41\/revisions"}],"predecessor-version":[{"id":610,"href":"https:\/\/wotlk.3server.cz\/subdomains\/wotlk\/wp-json\/wp\/v2\/pages\/41\/revisions\/610"}],"wp:attachment":[{"href":"https:\/\/wotlk.3server.cz\/subdomains\/wotlk\/wp-json\/wp\/v2\/media?parent=41"}],"curies":[{"name":"wp","href":"https:\/\/api.w.org\/{rel}","templated":true}]}}