{"id":374,"date":"2014-12-26T04:08:29","date_gmt":"2014-12-26T02:08:29","guid":{"rendered":"http:\/\/wotlk.3server.cz\/subdomains\/wotlk\/?page_id=374"},"modified":"2015-01-24T22:33:25","modified_gmt":"2015-01-24T20:33:25","slug":"nabor-do-tymu","status":"publish","type":"page","link":"https:\/\/wotlk.3server.cz\/subdomains\/wotlk\/nabor-do-tymu\/","title":{"rendered":"N\u00e1bor do t\u00fdmu"},"content":{"rendered":"\n<!-- Facebook Like Button v1.9.6 BEGIN [http:\/\/blog.bottomlessinc.com] -->\n<iframe src=\"http:\/\/www.facebook.com\/plugins\/like.php?href=https%3A%2F%2Fwotlk.3server.cz%2Fsubdomains%2Fwotlk%2Fnabor-do-tymu%2F&amp;layout=standard&amp;show_faces=false&amp;width=450&amp;action=like&amp;colorscheme=light\" scrolling=\"no\" frameborder=\"0\" allowTransparency=\"true\" style=\"border:none; overflow:hidden; width:450px; height: 30px; align: left; margin: 2px 0px 2px 0px\"><\/iframe>\n<!-- Facebook Like Button END -->\n<h6><span style=\"font-size: 18pt;\">Koho p\u0159\u00edjmeme?<\/span><\/h6>\n<ul>\n<li>Core C++ developery<\/li>\n<li>SQL fixery<\/li>\n<li>Testery s hlubok\u00fdmi znalostmi WoTLK datadisku<\/li>\n<li>Headhuntery, kte\u0159\u00ed budou kontaktovat a hledat nov\u00e9 \u010dleny teamu<\/li>\n<\/ul>\n<h6><span style=\"font-size: 18pt;\">Nab\u00eddneme<\/span><\/h6>\n<ul>\n<li>Developer\u016fm a SQL fixer\u016fm vlastn\u00ed virtu\u00e1ln\u00ed servery pro testov\u00e1n\u00ed \u00a0(2 vyhrazen\u00e1 j\u00e1dra, 2 a\u017e 4 GB RAM)<\/li>\n<li>Tester\u016fm p\u0159\u00edstupy na univerz\u00e1ln\u00ed testovac\u00ed server.<\/li>\n<li>Headhunter\u016fm odm\u011bny v kreditech do kredit syst\u00e9mu i po spln\u011bn\u00ed na\u0161ich minim\u00e1ln\u00edch po\u017eadavc\u00edch.<\/li>\n<li>Vlastn\u00ed dom\u00e9nu 3.\u0159\u00e1du bu\u010f ve form\u00e1tu cokoliv.3server.net nebo ve tvaru cokoliv.3server.cz<\/li>\n<li>Mo\u017enost zalo\u017eit si pod taktovkou 3serveru po \u010dase a schv\u00e1len\u00ed teamu, vlastn\u00ed projekt kter\u00fd nesouvis\u00ed s WoW.<\/li>\n<\/ul>\n<h6 class=\"svetlo_modra\"><span style=\"font-size: 18pt;\">Nab\u00eddka, kter\u00e1 se neodm\u00edt\u00e1<\/span><\/h6>\n<p><strong>1000 kredit\u016f<\/strong> ka\u017ed\u00e9mu hr\u00e1\u010di, kter\u00fd n\u00e1m doporu\u010d\u00ed a dod\u00e1 kontakt na C++ developera, kter\u00fd v p\u0159\u00edpad\u011b, \u017ee ho p\u0159\u00edjmeme do teamu, fixne do 3 m\u011bs\u00edc\u016f 3 libovoln\u00e9 instance do blizz kvality, kter\u00e9 u n\u00e1s ve 100% blizz kvalit\u011b doposud nejsou. (c\u00edlem je 100% blizz kvalita, v p\u0159\u00edpad\u011b uzn\u00e1n\u00ed cel\u00e9ho teamu, \u017ee to stoj\u00ed opravdu za to, tak lze tolerovat max 3% odchylky)<\/p>\n<p><strong>700 kredit\u016f<\/strong> ka\u017ed\u00e9mu hr\u00e1\u010di, kter\u00fd n\u00e1m doporu\u010d\u00ed a dod\u00e1 kontakt na C++ developera, kter\u00fd v p\u0159\u00edpad\u011b, \u017ee ho p\u0159\u00edjmeme do teamu, fixne do 3 m\u011bs\u00edc\u016f 3 libovoln\u00e9 instance do funk\u010dn\u00ed kvality, kter\u00e9 u n\u00e1s nefunguj\u00ed v\u016fbec a jsou zak\u00e1zan\u00e9. (c\u00edlem je, aby se fixnut\u00e9 instance daly j\u00edt, hr\u00e1\u010di nefarmili loot zadarmo, bossov\u00e9 d\u00e1vali adekv\u00e1tn\u00ed damage a kouzlili. Aby \u0161la instance zvl\u00e1dnout cel\u00e1 proj\u00edt ve smyslu, nap\u0159. \u017ee se hr\u00e1\u010di nezaseknou o neotv\u00edrateln\u00e9 dve\u0159e, kter\u00e9 jim znemo\u017en\u00ed postup d\u00e1l. C\u00edlem je, aby se instance dala pova\u017eovat za funk\u010dn\u00ed v kvalit\u00e1ch, kter\u00e9 uzn\u00e1vaj\u00ed hr\u00e1\u010di 3serveru jako dostate\u010dn\u00e9 na to, aby se nemusely uzav\u0159\u00edt)<\/p>\n<p><strong>300 kredit\u016f<\/strong> ka\u017ed\u00e9mu hr\u00e1\u010di, kter\u00fd n\u00e1m doporu\u010d\u00ed a dod\u00e1 kontakt na C++ developera, kter\u00fd v p\u0159\u00edpad\u011b, \u017ee ho p\u0159\u00edjmeme do teamu, fixne do 3 m\u011bs\u00edc\u016f 1 libovolnou instanci do funk\u010dn\u00ed kvality, kter\u00e1 nefunguje v\u016fbec a je zak\u00e1z\u00e1na. (c\u00edlem je, aby se fixnut\u00e9 instance daly j\u00edt, hr\u00e1\u010di nefarmili loot zadarmo, bossov\u00e9 d\u00e1vali adekv\u00e1tn\u00ed damage a kouzlili. Aby \u0161la instance zvl\u00e1dnout cel\u00e1 proj\u00edt ve smyslu, nap\u0159. \u017ee se hr\u00e1\u010di nezaseknou o neotv\u00edrateln\u00e9 dve\u0159e, kter\u00e9 jim znemo\u017en\u00ed postup d\u00e1l\u00a0k hlavn\u00edmu bossovi.\u00a0C\u00edlem je, aby se instance dala pova\u017eovat za funk\u010dn\u00ed v\u00a0kvalit\u00e1ch, kter\u00e9 uzn\u00e1vaj\u00ed hr\u00e1\u010di 3serveru jako dostate\u010dn\u00e9 na to, aby se nemusely uzav\u0159\u00edt)<\/p>\n<p><strong>Stejn\u00e9 odm\u011bny po fixnut\u00ed dostane po uzn\u00e1n\u00ed teamem i p\u0159ijat\u00fd developer.<\/strong> Odm\u011bn se nelze zp\u011btn\u011b dom\u00e1hat, pakli\u017ee oba (doporu\u010den\u00fd, doporu\u010duj\u00edc\u00ed) neuvedou, jm\u00e9no a nickname, kontakt toho druh\u00e9ho p\u0159i\/p\u0159ed n\u00e1borem \/ v n\u00e1borov\u00e9m emailu do teamu.<\/p>\n<p><strong>Doporu\u010den\u00ed pi\u0161te na mail(zavin\u00e1\u010d)3server.cz , uve\u010fte tam pros\u00edm co nejv\u00edce informac\u00ed o doty\u010dn\u00e9m, kter\u00e9 by mohl uv\u00e9st tak, jako popisujeme pod nadpisem &#8222;Co ps\u00e1t do n\u00e1boru?&#8220;.\u00a0<\/strong><\/p>\n<h6><span style=\"font-weight: bold; font-size: 18pt;\">Co ps\u00e1t do n\u00e1boru?<\/span><\/h6>\n<p style=\"text-align: center;\"><span style=\"color: #ff0000; font-size: 12pt;\">Uk\u00e1zka, jak by mohl vypadat kvalitn\u00ed a stru\u010dn\u00fd email, v p\u0159\u00edpad\u011b, \u017ee neovl\u00e1d\u00e1te dob\u0159e \u010de\u0161tinu, nebo v\u00e1s nenapad\u00e1, co do takov\u00e9ho emailu, kter\u00fd chcete aby byl stru\u010dn\u00fd, napsat:<\/span><\/p>\n<p><span style=\"font-size: 12pt;\">Dobr\u00fd den,<\/span><\/p>\n<p><span style=\"font-size: 12pt;\">hl\u00e1s\u00edm se na post GM. N\u00ed\u017ee zas\u00edl\u00e1m informace o mn\u011b :<\/span><\/p>\n<p><span style=\"font-size: 12pt;\">&#8211; V\u011bk: 19<\/span><br \/>\n<span style=\"font-size: 12pt;\"> &#8211; Jm\u00e9no: Franta<\/span><br \/>\n<span style=\"font-size: 12pt;\"> &#8211; Bydli\u0161t\u011b: Plze\u0148<\/span><br \/>\n<span style=\"font-size: 12pt;\"> &#8211; \u0160kola: st\u0159edn\u00ed<\/span><br \/>\n<span style=\"font-size: 12pt;\"> &#8211; Povaha: Klidn\u00e1,spolehliv\u00e1,ochotn\u00e1,zabavn\u00e1<\/span><\/p>\n<p><span style=\"font-size: 12pt;\">Moje zku\u0161enosti:<\/span><br \/>\n<span style=\"font-size: 12pt;\"> &#8211; Pr\u00e1ce na servrech:<\/span><br \/>\n<span style=\"font-size: 12pt;\"> &#8211; Jm\u00e9noServeru (verze 3.3.5a)<\/span><br \/>\n<span style=\"font-size: 12pt;\"> &#8211; Znalost p\u0159\u00edkaz\u016f TC\/2,Mangos SkyEmu<\/span><br \/>\n<span style=\"font-size: 12pt;\"> &#8211; Pr\u00e1ce na postech GM a EM.<\/span><br \/>\n<span style=\"font-size: 12pt;\"> &#8211; Hraji wow od verze 2.4.3. Nehr\u00e1l jsem wow na verz\u00edch 3.0.0 a\u017e 3.0.9. Wotlk jsem za\u010dal a\u017e od 3.1.3.<\/span><\/p>\n<p><span style=\"font-size: 12pt;\">Co ovl\u00e1dam:<\/span><br \/>\n<span style=\"font-size: 12pt;\"> &#8211; Ovl\u00e1dam p\u0159\u00edkazy jak jsem psal u\u017e naho\u0159e ,pr\u00edkazy pro Mangos,TC\/2,SkyEmu<\/span><br \/>\n<span style=\"font-size: 12pt;\"> &#8211; um\u00edm kvalitn\u011b Angli\u010dtinu<\/span><br \/>\n<span style=\"font-size: 12pt;\"> &#8211; Znalost wow a wow sv\u011bta na vysok\u00e9 \u00farovni<\/span><\/p>\n<p><span style=\"font-size: 12pt;\">Serveru nab\u00edz\u00edm:<\/span><br \/>\n<span style=\"font-size: 12pt;\"> &#8211; Aktivitu dle pot\u0159eby<\/span><br \/>\n<span style=\"font-size: 12pt;\"> &#8211; Ochotu spolupracovat a pod\u00edlet se na v\u0161em pot\u0159ebn\u00e9m pro server<\/span><br \/>\n<span style=\"font-size: 12pt;\"> &#8211; Sv\u00e9 zku\u0161enosti<\/span><br \/>\n<span style=\"font-size: 12pt;\"> &#8211; Dob\u0159e odvedenou pr\u00e1ci<\/span><\/p>\n<p><span style=\"font-size: 12pt;\">Moje (+\/-)<\/span><br \/>\n<span style=\"font-size: 12pt;\"> + Spolehlivost<\/span><br \/>\n<span style=\"font-size: 12pt;\"> + Kvalitn\u011b a dob\u0159e vykonan\u00e1 pr\u00e1ce<\/span><br \/>\n<span style=\"font-size: 12pt;\"> + Aktivita<\/span><br \/>\n<span style=\"font-size: 12pt;\"> + Znalost<\/span><br \/>\n<span style=\"font-size: 12pt;\"> + Komunikace<\/span><br \/>\n<span style=\"font-size: 12pt;\"> -\/+ V\u011bk<\/span><br \/>\n<span style=\"font-size: 12pt;\"> &#8211; Rodinn\u00e1 situace<\/span><\/p>\n<p><span style=\"font-size: 12pt;\">Kontakt :<\/span><br \/>\n<span style=\"font-size: 12pt;\"> Email: v\u00e1\u0161 email (pokud je jin\u00fd ne\u017e ten ze kter\u00e9ho p\u00ed\u0161ete)<\/span><br \/>\n<span style=\"font-size: 12pt;\"> ICQ :<\/span><br \/>\n<span style=\"font-size: 12pt;\"> Skype :<\/span><br \/>\n<span style=\"font-size: 12pt;\"> postavy ve h\u0159e :<\/span><br \/>\n<span style=\"font-size: 12pt;\"> account :<\/span><\/p>\n\n<!-- Facebook Like Button v1.9.6 BEGIN [http:\/\/blog.bottomlessinc.com] -->\n<iframe src=\"http:\/\/www.facebook.com\/plugins\/like.php?href=https%3A%2F%2Fwotlk.3server.cz%2Fsubdomains%2Fwotlk%2Fnabor-do-tymu%2F&amp;layout=standard&amp;show_faces=false&amp;width=450&amp;action=like&amp;colorscheme=light\" scrolling=\"no\" frameborder=\"0\" allowTransparency=\"true\" style=\"border:none; overflow:hidden; width:450px; height: 30px; align: left; margin: 2px 0px 2px 0px\"><\/iframe>\n<!-- Facebook Like Button END -->\n","protected":false},"excerpt":{"rendered":"<p>Koho p\u0159\u00edjmeme? Core C++ developery SQL fixery Testery s hlubok\u00fdmi znalostmi WoTLK datadisku Headhuntery, kte\u0159\u00ed budou kontaktovat a hledat nov\u00e9 \u010dleny teamu Nab\u00eddneme Developer\u016fm a SQL fixer\u016fm vlastn\u00ed virtu\u00e1ln\u00ed servery pro testov\u00e1n\u00ed \u00a0(2 vyhrazen\u00e1 j\u00e1dra, 2 a\u017e 4 GB RAM) Tester\u016fm p\u0159\u00edstupy na univerz\u00e1ln\u00ed testovac\u00ed server. Headhunter\u016fm odm\u011bny v kreditech do kredit syst\u00e9mu i po spln\u011bn\u00ed na\u0161ich minim\u00e1ln\u00edch po\u017eadavc\u00edch. Vlastn\u00ed dom\u00e9nu 3.\u0159\u00e1du bu\u010f ve form\u00e1tu cokoliv.3server.net nebo ve tvaru cokoliv.3server.cz Mo\u017enost zalo\u017eit si pod taktovkou 3serveru po \u010dase a schv\u00e1len\u00ed teamu, vlastn\u00ed projekt kter\u00fd nesouvis\u00ed s WoW. Nab\u00eddka, kter\u00e1 se neodm\u00edt\u00e1 1000 kredit\u016f ka\u017ed\u00e9mu hr\u00e1\u010di, kter\u00fd n\u00e1m doporu\u010d\u00ed a dod\u00e1 kontakt na C++ developera, kter\u00fd v p\u0159\u00edpad\u011b, \u017ee ho p\u0159\u00edjmeme do teamu, fixne do 3 m\u011bs\u00edc\u016f 3 libovoln\u00e9 instance do blizz kvality, kter\u00e9 u n\u00e1s ve 100% blizz kvalit\u011b doposud nejsou. (c\u00edlem je 100% blizz kvalita, v p\u0159\u00edpad\u011b uzn\u00e1n\u00ed cel\u00e9ho teamu, \u017ee to stoj\u00ed opravdu za to, tak lze tolerovat [&#8230;]<\/p>\n<div class=\"clearfix\"><a class=\"post-readmore\" href=\"https:\/\/wotlk.3server.cz\/subdomains\/wotlk\/nabor-do-tymu\/\"><\/a><\/div>\n","protected":false},"author":4,"featured_media":0,"parent":0,"menu_order":0,"comment_status":"closed","ping_status":"closed","template":"","meta":{"footnotes":""},"_links":{"self":[{"href":"https:\/\/wotlk.3server.cz\/subdomains\/wotlk\/wp-json\/wp\/v2\/pages\/374"}],"collection":[{"href":"https:\/\/wotlk.3server.cz\/subdomains\/wotlk\/wp-json\/wp\/v2\/pages"}],"about":[{"href":"https:\/\/wotlk.3server.cz\/subdomains\/wotlk\/wp-json\/wp\/v2\/types\/page"}],"author":[{"embeddable":true,"href":"https:\/\/wotlk.3server.cz\/subdomains\/wotlk\/wp-json\/wp\/v2\/users\/4"}],"replies":[{"embeddable":true,"href":"https:\/\/wotlk.3server.cz\/subdomains\/wotlk\/wp-json\/wp\/v2\/comments?post=374"}],"version-history":[{"count":10,"href":"https:\/\/wotlk.3server.cz\/subdomains\/wotlk\/wp-json\/wp\/v2\/pages\/374\/revisions"}],"predecessor-version":[{"id":483,"href":"https:\/\/wotlk.3server.cz\/subdomains\/wotlk\/wp-json\/wp\/v2\/pages\/374\/revisions\/483"}],"wp:attachment":[{"href":"https:\/\/wotlk.3server.cz\/subdomains\/wotlk\/wp-json\/wp\/v2\/media?parent=374"}],"curies":[{"name":"wp","href":"https:\/\/api.w.org\/{rel}","templated":true}]}}