{"id":2,"date":"2014-07-30T21:40:50","date_gmt":"2014-07-30T21:40:50","guid":{"rendered":"http:\/\/wotlk.3server.cz\/subdomains\/wotlk\/?page_id=2"},"modified":"2024-06-30T10:15:52","modified_gmt":"2024-06-30T08:15:52","slug":"jak-se-pripojit","status":"publish","type":"page","link":"https:\/\/wotlk.3server.cz\/subdomains\/wotlk\/jak-se-pripojit\/","title":{"rendered":"Jak se p\u0159ipojit"},"content":{"rendered":"\n<!-- Facebook Like Button v1.9.6 BEGIN [http:\/\/blog.bottomlessinc.com] -->\n<iframe src=\"http:\/\/www.facebook.com\/plugins\/like.php?href=https%3A%2F%2Fwotlk.3server.cz%2Fsubdomains%2Fwotlk%2Fjak-se-pripojit%2F&amp;layout=standard&amp;show_faces=false&amp;width=450&amp;action=like&amp;colorscheme=light\" scrolling=\"no\" frameborder=\"0\" allowTransparency=\"true\" style=\"border:none; overflow:hidden; width:450px; height: 30px; align: left; margin: 2px 0px 2px 0px\"><\/iframe>\n<!-- Facebook Like Button END -->\n<h3 style=\"text-align: center;\"><span style=\"font-size: 24pt;\"><span style=\"font-family: times new roman,times;\"><span style=\"color: #3366ff;\">J<\/span>ak si zahr\u00e1t World of Warcraft Wrath of the Lich King<\/span><\/span><\/h3>\n<div class=\"nk-blog-post nk-blog-post-single\">\n<div class=\"nk-post-text mt-0\">\n<h1>1) Registrace<\/h1>\n<p>Zaregistruj sv\u016fj \u00fa\u010det\u00a0<a href=\"http:\/\/registrace.3server.cz\/\">Zde<\/a>.<br \/>\nSvoje p\u0159ihla\u0161ovac\u00ed \u00fad\u00e1je nezapome\u0148, NIKDY je ned\u00e1vej sv\u00e9mu kamar\u00e1dovi a ani GM ho po tob\u011b nebudou cht\u00edt!<\/p>\n<h1>2) St\u00e1hnout hru<\/h1>\n<p>Odkaz ke sta\u017een\u00ed r\u016fzn\u00fdch variant hry:\u00a0<a href=\"_wp_link_placeholder\" data-wplink-edit=\"true\">WoW WoTLK 15,8 GB (english)<\/a>\u00a0\u00a0<a href=\"https:\/\/uloz.to\/!7zvg9CmtqEpZ\/english-wow-wotlk-3-3-5a-enus-3server-cz-zip#_ga=2.123817034.112340350.1545143882-842503075.1509953113\">Nefunguje?<\/a>\u00a0\u00a0<a href=\"https:\/\/uloz.to\/!GBejKM1yu3FY\/cz-klient-wow-wotlk-3-3-5a-enus-zip\" data-wplink-edit=\"true\">WoTLK \u010desky<\/a>\u00a0<a href=\"https:\/\/uloz.to\/!P1TFzUltntbQ\/wow-wotlk-hd-czaddonquests-zip?fbclid=IwAR1cwYpluJ5SkPcKo9_fm-oKONtYuuCYk0bEB0qOvS4fA9TAy7L71sCFZrs\" data-wplink-edit=\"true\">WoTLK HD CZ Questy<\/a><\/p>\n<p><strong>St\u00e1hne\u0161, rozbal\u00ed\u0161, spust\u00ed\u0161. Heslo k rozbalen\u00ed arch\u00edvu je: 3server123.+<br \/>\nHra\u00a0nejde po\u00a0sta\u017een\u00ed rozbalit?\u00a0<a href=\"https:\/\/www.ulozto.cz\/tam\/_txw1IjT59dC5\">WoTLK Samorozbalovac\u00ed<\/a>\u00a0Sta\u010d\u00ed st\u00e1hnout a spustit .exe soubor, zadat heslo (viz v\u00fd\u0161e) a hra se ti rozbal\u00ed sama.<\/strong><\/p>\n<p><strong>Zabaleno programem\u00a0<a href=\"https:\/\/www.7-zip.org\/download.html\">7-zip<\/a>\u00a0(open-source zdarma\u00a0<a href=\"https:\/\/www.7-zip.org\/\">v\u00fdkonn\u011bj\u0161\u00ed<\/a>\u00a0konkurence WinRaru na Linux i Windows)\u00a0rozbalit\u00a0dok\u00e1\u017ee i WinRar<\/strong><\/p>\n<h2>Jak\u00fd je Realmlist?<\/h2>\n<p>Pokud ji\u017e m\u00e1te WoW WoTLK sta\u017een\u00fd z jin\u00e9ho serveru, sta\u010d\u00ed jen p\u0159epsat realmlist, kter\u00fd najdete v WoW_wotlk\\Data\\enUS\\reamlist.wtf. Tento soubor otev\u0159ete v pozn\u00e1mkov\u00e9m bloku a p\u0159ep\u00ed\u0161ete jeho obsah na:<br \/>\n<strong>set realmlist wotlk.3server.net<\/strong><\/p>\n<h5>Chcete hr\u00e1t World of Warcraft v \u010de\u0161tin\u011b?<\/h5>\n<p>N\u00e1vod i s videon\u00e1vodem, se kter\u00fdm zvl\u00e1dnete velmi snadno nahr\u00e1t \u010de\u0161tinu do World of Warcraft: Wrath of the Lich King nejpozd\u011bji do 3 minut\u00a0<a href=\"https:\/\/novy.3server.cz\/cestina-do-wow.html\">zde!<\/a><\/p>\n<h2>Ok a kde se zaregistruji?<\/h2>\n<p><a href=\"https:\/\/manager.3server.net\/register\">Registruj se ZDE.<\/a><\/p>\n<h2>Jak se zaregistrovat, aktivovat \u00fa\u010det a p\u0159ihl\u00e1sit do hry v minut\u011b a p\u016fl dlouh\u00e9m tutorialu<\/h2>\n<p>Pamatujte, \u017ee u n\u00e1s se do hry\u00a0<strong>nep\u0159ihla\u0161uje emailem<\/strong>, ale jm\u00e9nem hern\u00edho \u00fa\u010dtu (hern\u00edho accountu).<br \/>\n<iframe loading=\"lazy\" src=\"https:\/\/www.youtube.com\/embed\/Yg5lpAgDYwg\" width=\"560\" height=\"315\" frameborder=\"0\" allowfullscreen=\"allowfullscreen\" data-mce-fragment=\"1\"><\/iframe><\/p>\n<h2>Rychlokurz hran\u00ed World of Warcraftu pro za\u010d\u00e1te\u010dn\u00edky v 7 minut\u00e1ch<\/h2>\n<p>Ve videu uvid\u00edte jak se p\u0159ihl\u00e1sit do hry, vytvo\u0159en\u00ed postavy, na\u0161ept\u00e1va\u010d n\u00e1zv\u016f postav, z\u00e1kladn\u00ed ovl\u00e1d\u00e1n\u00ed, jak a pro\u010d d\u011blat questy (hern\u00ed mise), dokon\u010den\u00ed\/odevzd\u00e1n\u00ed questu, co je to XP bar, k \u010demu jsou tren\u00e9\u0159i, jak se nau\u010dit nov\u00e1 kouzla, pr\u00e1ce s knihou kouzel (spellbook), pr\u00e1ce s quest logem (\u00fakoln\u00ed\u010dkem), pr\u00e1ce s mapou, organizace kouzel ve spodn\u00edm baru, pr\u00e1ce s batohy (invent\u00e1\u0159), k \u010demu je \u0161ut\u0159\u00e1k a jeho pou\u017eit\u00ed (hearthstone\/innstone), uk\u00e1zka hern\u00ed m\u011bny a p\u0159epo\u010dty kolik copper je kolik silver a kolik silver je kolik gold, \u00fato\u010den\u00ed, vybr\u00e1n\u00ed v\u011bc\u00ed ze skolen\u00e9ho zv\u00ed\u0159ete (lootov\u00e1n\u00ed), dokon\u010den\u00ed prvn\u00edho questu v\u010detn\u011b v\u00fdb\u011bru odm\u011bny, pro\u010d nebrat za\u010dervenal\u00e9 odm\u011bny v questu, obl\u00e9k\u00e1n\u00ed postavy, pro\u010d nesk\u00e1kat z v\u011bt\u0161\u00edch v\u00fd\u0161ek, emoce ve h\u0159e, jak aktivovat unstuck v p\u0159\u00edpad\u011b pot\u00ed\u017e\u00ed.<\/p>\n<p><iframe loading=\"lazy\" src=\"https:\/\/www.youtube.com\/embed\/lskp9LHcZCA\" width=\"560\" height=\"315\" frameborder=\"0\" allowfullscreen=\"allowfullscreen\" data-mce-fragment=\"1\"><\/iframe><\/p>\n<\/div>\n<\/div>\n<p style=\"text-align: center;\"><a href=\"https:\/\/www.facebook.com\/3server-163189013714234\/?ref=br_tf\">Facebook 3serveru<\/a><\/p>\n<p style=\"text-align: center;\"><a href=\"http:\/\/www.toplist.cz\/stat\/1632792\"><script language=\"JavaScript\" type=\"text\/javascript\"><br \/>\n<!--\ndocument.write('<img loading=\"lazy\" decoding=\"async\" src=\"http:\/\/toplist.cz\/count.asp?id=201129&logo=bc&http='+escape(document.referrer)+'&t='+escape(document.title)+ '&wi='+escape(window.screen.width)+'&he='+escape(window.screen.height)+'&cd='+escape(window.screen.colorDepth)+'\" width=\"88\" height=\"120\" border=0 alt=\"TOPlist\" \/>'); \n\/\/--><\/script><noscript><img loading=\"lazy\" decoding=\"async\" src=\"http:\/\/toplist.cz\/count.asp?id=201129&amp;logo=bc\" border=\"0\" alt=\"TOPlist\" width=\"88\" height=\"120\"><\/noscript><\/a><\/p>\n\n<!-- Facebook Like Button v1.9.6 BEGIN [http:\/\/blog.bottomlessinc.com] -->\n<iframe src=\"http:\/\/www.facebook.com\/plugins\/like.php?href=https%3A%2F%2Fwotlk.3server.cz%2Fsubdomains%2Fwotlk%2Fjak-se-pripojit%2F&amp;layout=standard&amp;show_faces=false&amp;width=450&amp;action=like&amp;colorscheme=light\" scrolling=\"no\" frameborder=\"0\" allowTransparency=\"true\" style=\"border:none; overflow:hidden; width:450px; height: 30px; align: left; margin: 2px 0px 2px 0px\"><\/iframe>\n<!-- Facebook Like Button END -->\n","protected":false},"excerpt":{"rendered":"<p>Jak si zahr\u00e1t World of Warcraft Wrath of the Lich King 1) Registrace Zaregistruj sv\u016fj \u00fa\u010det\u00a0Zde. Svoje p\u0159ihla\u0161ovac\u00ed \u00fad\u00e1je nezapome\u0148, NIKDY je ned\u00e1vej sv\u00e9mu kamar\u00e1dovi a ani GM ho po tob\u011b nebudou cht\u00edt! 2) St\u00e1hnout hru Odkaz ke sta\u017een\u00ed r\u016fzn\u00fdch variant hry:\u00a0WoW WoTLK 15,8 GB (english)\u00a0\u00a0Nefunguje?\u00a0\u00a0WoTLK \u010desky\u00a0WoTLK HD CZ Questy St\u00e1hne\u0161, rozbal\u00ed\u0161, spust\u00ed\u0161. Heslo k rozbalen\u00ed arch\u00edvu je: 3server123.+ Hra\u00a0nejde po\u00a0sta\u017een\u00ed rozbalit?\u00a0WoTLK Samorozbalovac\u00ed\u00a0Sta\u010d\u00ed st\u00e1hnout a spustit .exe soubor, zadat heslo (viz v\u00fd\u0161e) a hra se ti rozbal\u00ed sama. Zabaleno programem\u00a07-zip\u00a0(open-source zdarma\u00a0v\u00fdkonn\u011bj\u0161\u00ed\u00a0konkurence WinRaru na Linux i Windows)\u00a0rozbalit\u00a0dok\u00e1\u017ee i WinRar Jak\u00fd je Realmlist? Pokud ji\u017e m\u00e1te WoW WoTLK sta\u017een\u00fd z jin\u00e9ho serveru, sta\u010d\u00ed jen p\u0159epsat realmlist, kter\u00fd najdete v WoW_wotlk\\Data\\enUS\\reamlist.wtf. Tento soubor otev\u0159ete v pozn\u00e1mkov\u00e9m bloku a p\u0159ep\u00ed\u0161ete jeho obsah na: set realmlist wotlk.3server.net Chcete hr\u00e1t World of Warcraft v \u010de\u0161tin\u011b? N\u00e1vod i s videon\u00e1vodem, se kter\u00fdm zvl\u00e1dnete velmi snadno nahr\u00e1t \u010de\u0161tinu do World of Warcraft: Wrath of the Lich King nejpozd\u011bji [&#8230;]<\/p>\n<div class=\"clearfix\"><a class=\"post-readmore\" href=\"https:\/\/wotlk.3server.cz\/subdomains\/wotlk\/jak-se-pripojit\/\"><\/a><\/div>\n","protected":false},"author":1,"featured_media":0,"parent":0,"menu_order":0,"comment_status":"closed","ping_status":"closed","template":"","meta":{"footnotes":""},"_links":{"self":[{"href":"https:\/\/wotlk.3server.cz\/subdomains\/wotlk\/wp-json\/wp\/v2\/pages\/2"}],"collection":[{"href":"https:\/\/wotlk.3server.cz\/subdomains\/wotlk\/wp-json\/wp\/v2\/pages"}],"about":[{"href":"https:\/\/wotlk.3server.cz\/subdomains\/wotlk\/wp-json\/wp\/v2\/types\/page"}],"author":[{"embeddable":true,"href":"https:\/\/wotlk.3server.cz\/subdomains\/wotlk\/wp-json\/wp\/v2\/users\/1"}],"replies":[{"embeddable":true,"href":"https:\/\/wotlk.3server.cz\/subdomains\/wotlk\/wp-json\/wp\/v2\/comments?post=2"}],"version-history":[{"count":81,"href":"https:\/\/wotlk.3server.cz\/subdomains\/wotlk\/wp-json\/wp\/v2\/pages\/2\/revisions"}],"predecessor-version":[{"id":11534,"href":"https:\/\/wotlk.3server.cz\/subdomains\/wotlk\/wp-json\/wp\/v2\/pages\/2\/revisions\/11534"}],"wp:attachment":[{"href":"https:\/\/wotlk.3server.cz\/subdomains\/wotlk\/wp-json\/wp\/v2\/media?parent=2"}],"curies":[{"name":"wp","href":"https:\/\/api.w.org\/{rel}","templated":true}]}}